{"id":922,"date":"2017-04-21T12:16:13","date_gmt":"2017-04-21T16:16:13","guid":{"rendered":"https:\/\/www.bargeorge.ca\/fr\/news\/"},"modified":"2026-02-05T12:32:05","modified_gmt":"2026-02-05T17:32:05","slug":"actualites","status":"publish","type":"page","link":"https:\/\/www.bargeorge.ca\/fr\/actualites\/","title":{"rendered":"Actualit\u00e9s"},"content":{"rendered":"<div  class=\"fsn-row full-width-container fsn-69e62145b8e3c color-scheme-1 light seamless\" style=\"background-repeat:repeat;background-position:left top;background-attachment:scroll;background-size:auto;\"><div class=\"row\"><div class=\"col-sm-12\"><div class=\"fsn-column-inner fsn-69e62145b8f14 light\"><div class=\"fsn-masthead fsn-69e62145b8faa color-scheme-1\"><section class=\"masthead-container masthead-full\" data-height=\"full\"><div class=\"masthead-item image\"><div class=\"masthead-item-media\"><picture><source media=\"(max-width: 767px)\" srcset=\"https:\/\/cdn.oliverbonacininetwork.com\/uploads\/sites\/38\/2026\/01\/bar-george-montreal-restaurant-dining-room-03-750x1334.jpg\"><source media=\"(min-width: 1441px)\" srcset=\"https:\/\/cdn.oliverbonacininetwork.com\/uploads\/sites\/38\/2026\/01\/bar-george-montreal-restaurant-dining-room-03-1920x1080.jpg\"><source media=\"(min-width: 768px)\" srcset=\"https:\/\/cdn.oliverbonacininetwork.com\/uploads\/sites\/38\/2026\/01\/bar-george-montreal-restaurant-dining-room-03-1440x900.jpg\"><img loading=\"lazy\" decoding=\"async\" src=\"https:\/\/cdn.oliverbonacininetwork.com\/uploads\/sites\/38\/2026\/01\/bar-george-montreal-restaurant-dining-room-03-1440x900.jpg\" width=\"1440\" height=\"900\" alt=\"a group of people sitting at a table in a restaurant\" class=\"masthead-item-image\"><\/picture><\/div><\/div><\/section><\/div><\/div><\/div><\/div><\/div><div  class=\"fsn-row full-width-container fsn-69e62145b9492 color-scheme-1 light\" style=\"background-repeat:repeat;background-position:left top;background-attachment:scroll;background-size:auto;\"><div class=\"row\"><div class=\"col-sm-10 col-sm-offset-1\"><div class=\"fsn-column-inner fsn-69e62145b94f1 light\"><div class=\"fsn-row full-width-row fsn-69e62145b9539 light\" style=\"background-repeat:repeat;background-position:left top;background-attachment:scroll;background-size:auto;\"><div class=\"container\"><div class=\"row\"><div class=\"col-sm-12\"><div class=\"fsn-column-inner fsn-69e62145b9597 light\"><div class=\"fsn-text fsn-69e62145b95db\">\n<h1>Nouveaut\u00e9s<\/h1>\n<\/div><\/div><\/div><\/div><\/div><\/div><div class=\"fsn-row full-width-row fsn-69e62145b9618 light\" style=\"background-repeat:repeat;background-position:left top;background-attachment:scroll;background-size:auto;\"><div class=\"container\"><div class=\"row\"><div class=\"col-sm-10 col-sm-offset-1\"><div class=\"fsn-column-inner fsn-69e62145b966f light\"><div class=\"fsn-text fsn-69e62145b96af\">\n<p>Pour conna\u00eetre toute l\u2019actualit\u00e9 sur le Bar George, \u00e0 un seul endroit.<\/p>\n<\/div><\/div><\/div><\/div><\/div><\/div><\/div><\/div><\/div><\/div><div  class=\"fsn-row full-width-container fsn-69e62145b9707 color-scheme-1 light\" style=\"background-repeat:repeat;background-position:left top;background-attachment:scroll;background-size:auto;\"><div class=\"row\"><div class=\"col-sm-10 col-sm-offset-1\"><div class=\"fsn-column-inner fsn-69e62145b97a8 light\"><div class=\"fsn-content-roll fsn-69e62145bc6c1\"><div id=\"content_roll_container_69e62145bc6b1\" class=\"ajax-content-roll-container filters-active\" data-container-post=\"922\" data-post-types=\"post\" data-item-order=\"recent\" data-item-layout=\"grid\" data-grid-layout=\"fitRows\" data-item-width=\"col-sm-4\" data-posts-per-page=\"9\" data-total-posts=\"3\" data-filter-type=\"simple\"><div class=\"content-roll-header \"><div class=\"content-roll-filters-container simple\"><div class=\"container\"><div class=\"row\"><div class=\"col-sm-12\"><form class=\"content-roll-filters form-inline clearfix filters-collapse\" aria-controls=\"content_roll_items_container_69e62145bc6b4\"><div class=\"term-group form-group\" data-taxonomy=\"category\"><div class=\"simple-filter-group clearfix\"><button class=\"simple-filter-term clear active\"><span>Plus r\u00e9cent<\/span><\/button><button class=\"simple-filter-term\" data-taxonomy=\"category\" data-term=\"actualites\"><span>Actualit\u00e9s<\/span><\/button><button class=\"simple-filter-term\" data-taxonomy=\"category\" data-term=\"archive-fr\"><span>Archive<\/span><\/button><button class=\"simple-filter-term\" data-taxonomy=\"category\" data-term=\"promotions-fr\"><span>Promotions<\/span><\/button><\/div><\/div><\/form><\/div><\/div><\/div><\/div><\/div><div class=\"active-filters-bar hidden\"><div class=\"container\"><div class=\"row\"><div class=\"col-sm-12\"><div class=\"clearfix\"><div class=\"pull-left active-filter-labels\"><\/div><button class=\"content-roll-remove-filters pull-right\">Clear All Filters<\/button><\/div><\/div><\/div><\/div><\/div><div class=\"container\"><div class=\"row\"><div class=\"col-sm-12\"><div id=\"content_roll_items_container_69e62145bc6b4\" class=\"ajax-content-roll-items-container\" aria-live=\"polite\"><div class=\"ajax-content-roll-items row\"><div class=\"bubblingG css-loader\"><span id=\"bubblingG_1\"><\/span><span id=\"bubblingG_2\"><\/span><span id=\"bubblingG_3\"><\/span><\/div><div class=\"content-roll-item grid col-sm-4 post\"><div class=\"content-roll-item-wrap\"><a href=\"https:\/\/www.bargeorge.ca\/fr\/news\/brunch-du-week-end\/\"><div class=\"content-roll-item-image-wrap\"><img decoding=\"async\" src=\"https:\/\/cdn.oliverbonacininetwork.com\/uploads\/sites\/38\/2024\/09\/DSC7926-400x300.jpg\" width=\"400\" height=\"300\" alt=\"\" loading=\"lazy\"><span class=\"content-roll-item-image-overlay\"><\/span><\/div><div class=\"content-roll-item-content\"><div class=\"h4 content-roll-item-content-title\">Brunch du week-end<\/div><p>Venez d\u00e9guster un bon petit d\u00e9jeuner anglais tous les samedis et dimanches.<\/p><\/div><\/a><\/div><\/div><div class=\"content-roll-item grid col-sm-4 post\"><div class=\"content-roll-item-wrap\"><a href=\"https:\/\/www.bargeorge.ca\/fr\/news\/sir-george-stephen-2\/\"><div class=\"content-roll-item-image-wrap\"><img decoding=\"async\" src=\"https:\/\/cdn.oliverbonacininetwork.com\/uploads\/sites\/38\/2017\/05\/BarGeorge-NewsPosting-Graphic-400x300.jpg\" width=\"400\" height=\"300\" alt=\"\" loading=\"lazy\"><span class=\"content-roll-item-image-overlay\"><\/span><\/div><div class=\"content-roll-item-content\"><div class=\"h4 content-roll-item-content-title\">Sir George Stephen<\/div><p>L\u2019histoire de sir George Stephen, l\u00e9gendaire homme d\u2019affaires canadien ayant inspir\u00e9 le nom de notre restaurant.<\/p><\/div><\/a><\/div><\/div><div class=\"content-roll-item grid col-sm-4 post\"><div class=\"content-roll-item-wrap\"><a href=\"https:\/\/www.bargeorge.ca\/fr\/news\/carrieres\/\"><div class=\"content-roll-item-image-wrap\"><img decoding=\"async\" src=\"https:\/\/cdn.oliverbonacininetwork.com\/uploads\/sites\/38\/2017\/04\/BarGeorge-Chef-Kevin-400x300.jpg\" width=\"400\" height=\"300\" alt=\"\" loading=\"lazy\"><span class=\"content-roll-item-image-overlay\"><\/span><\/div><div class=\"content-roll-item-content\"><div class=\"h4 content-roll-item-content-title\">Carri\u00e8res<\/div><p>D\u00e9couvrez les offres d\u2019emploi actuelles chez Bar George.<\/p><\/div><\/a><\/div><\/div><\/div><div class=\"load-more-container\"><button aria-controls=\"content_roll_items_container_69e62145bc6b4\" class=\"btn btn-primary content-roll-load-more hidden\" data-next-page=\"2\" data-last-page=\"1\">Charger plus<br><small>(affichage de <span class=\"content-roll-showing\">3<\/span> sur <span class=\"content-roll-total\">3<\/span>)<\/small><\/button><\/div><\/div><\/div><\/div><\/div><\/div><\/div>\t\t\t<script>\n\t\t\t\t\/\/hide \/ show relevant filters\n\t\t\t\tjQuery(document).ready(function() {\n\t\t\t\t\tvar relevantTags = [];\n\t\t\t\t\tvar filtersCont = jQuery('.content-roll-filters .term-group');\n\t\t\t\t\tvar currentRadio = null;\n\t\t\t\t\tfiltersCont.find('option').css('display','none').prop('disabled', true);\n\t\t\t\t\tjQuery.each(relevantTags, function(key, value) {\n\t\t\t\t\t\tvar matchingInput = filtersCont.find('option[data-term=\"'+ value.slug +'\"][data-taxonomy=\"'+ value.taxonomy +'\"]');\n\t\t\t\t\t\tmatchingInput.css('display','block').prop('disabled', false);\n\t\t\t\t\t\t\/\/refresh Chosen fields\n\t\t\t\t\t\tjQuery('.chosen-select').trigger('chosen:updated');\n\t\t\t\t\t});\n\t\t\t\t});\n\t\t\t<\/script>\n\t\t\t<\/div><\/div><\/div><\/div><div  class=\"fsn-row full-width-container fsn-69e62145c1809 color-scheme-1 light seamless\" style=\"background-repeat:repeat;background-position:left top;background-attachment:scroll;background-size:auto;\"><div class=\"row\"><div class=\"col-sm-12\"><div class=\"fsn-column-inner fsn-69e62145c196c light\"><div id=\"component-5807\" class=\"component fsn-69e62145c1a88\"><div  class=\"fsn-row full-width-container fsn-69e62145c1ed8 newsletter-card color-scheme-2 light seamless\" style=\"background-repeat:repeat;background-position:left top;background-attachment:scroll;background-size:auto;\"><div class=\"row\"><div class=\"col-sm-7\"><div class=\"fsn-column-inner fsn-69e62145c1fd3 color-scheme-1 light\"><div class=\"fsn-image fsn-69e62145c22a9 align-none\"><picture><source media=\"(max-width: 767px)\" srcset=\"https:\/\/cdn.oliverbonacininetwork.com\/uploads\/sites\/38\/2026\/02\/Footer-Photo-800x534.jpg\"><source media=\"(min-width: 768px)\" srcset=\"https:\/\/cdn.oliverbonacininetwork.com\/uploads\/sites\/38\/2026\/02\/Footer-Photo.jpg\"><img decoding=\"async\" src=\"https:\/\/cdn.oliverbonacininetwork.com\/uploads\/sites\/38\/2026\/02\/Footer-Photo.jpg\" width=\"2000\" height=\"1335\" alt=\"bar george exterior night time\" loading=\"lazy\" class=\"img-responsive img-default\"><\/picture><\/div><\/div><\/div><div class=\"col-sm-5\"><div class=\"fsn-column-inner fsn-69e62145c232c bg-pattern-zebra color-scheme-1 light\"><div class=\"fsn-row full-width-row fsn-69e62145c23dd light\" style=\"background-repeat:repeat;background-position:left top;background-attachment:scroll;background-size:auto;\"><div class=\"container\"><div class=\"row\"><div class=\"col-sm-10 col-sm-offset-1\"><div class=\"fsn-column-inner fsn-69e62145c249d light\"><div class=\"fsn-text fsn-69e62145c24ee\">\n<h2>Be the first to know.<\/h2>\n<p>News, menus, and special highlights from Bar George, delivered straight to your inbox.<\/p>\n<\/div><div class=\"fsn-ob-mailchimp_signup fsn-69e62145c253e\"><div id=\"mc_embed_signup\"><form action=\"https:\/\/www.bargeorge.ca\/mailchimp\/subscribe.php?interest=be75983505\" method=\"post\" id=\"mc-embedded-subscribe-form\" name=\"mc-embedded-subscribe-form\" class=\"validate\" target=\"_blank\" validate><div id=\"mc_embed_signup_scroll\"><div class=\"mc-field-group\"><label class=\"sr-only\" id=\"mailchimpSignup-69e62145c253d\">Email address<\/label><input type=\"email\" value=\"\" name=\"EMAIL\" class=\"required email form-control\" id=\"mce-EMAIL\" aria-labelledby=\"mailchimpSignup-69e62145c253d\" placeholder=\"Email address\" required><\/div><div id=\"mce-responses\" class=\"clear\"><div class=\"response\" id=\"mce-error-response\" style=\"display:none\"><\/div><div class=\"response\" id=\"mce-success-response\" style=\"display:none\"><\/div><\/div>    <!-- real people should not fill this in and expect good things - do not remove this or risk form bot signups--><div style=\"position: absolute; left: -5000px;\"><label>Bot Signup Protection Field, do not fill out.<input type=\"text\" name=\"b_461d7ca69b_a73b37e670\" tabindex=\"-1\" value=\"\"><\/label><\/div><div class=\"clear\"><input type=\"submit\" value=\"Stay in Touch\" name=\"subscribe\" id=\"mc-embedded-subscribe\" class=\"button btn btn-default submit-btn\"><\/div><\/div><\/form><\/div><\/div><\/div><\/div><\/div><\/div><\/div><\/div><\/div><\/div><\/div>\n<\/div><\/div><\/div><\/div><\/div>\n","protected":false},"excerpt":{"rendered":"","protected":false},"author":1,"featured_media":0,"parent":0,"menu_order":0,"comment_status":"closed","ping_status":"closed","template":"","meta":{"_promoted_post":"","footnotes":""},"class_list":["post-922","page","type-page","status-publish","hentry"],"yoast_head":"<!-- This site is optimized with the Yoast SEO plugin v25.2 - https:\/\/yoast.com\/wordpress\/plugins\/seo\/ -->\n<title>\u00c9v\u00e9nements et promotions en cours - Montr\u00e9al | Bar George<\/title>\n<meta name=\"description\" content=\"D\u00e9couvrez les \u00e9v\u00e9nements et les promotions en cours chez Bar George. Inscrivez-vous \u00e0 notre bulletin \u00e9lectronique pour toujours \u00eatre inform\u00e9.\" \/>\n<meta name=\"robots\" content=\"index, follow, max-snippet:-1, max-image-preview:large, max-video-preview:-1\" \/>\n<link rel=\"canonical\" href=\"https:\/\/www.bargeorge.ca\/fr\/actualites\/\" \/>\n<meta property=\"og:locale\" content=\"fr_FR\" \/>\n<meta property=\"og:type\" content=\"article\" \/>\n<meta property=\"og:title\" content=\"\u00c9v\u00e9nements et promotions en cours - Montr\u00e9al | Bar George\" \/>\n<meta property=\"og:description\" content=\"D\u00e9couvrez les \u00e9v\u00e9nements et les promotions en cours chez Bar George. Inscrivez-vous \u00e0 notre bulletin \u00e9lectronique pour toujours \u00eatre inform\u00e9.\" \/>\n<meta property=\"og:url\" content=\"https:\/\/www.bargeorge.ca\/fr\/actualites\/\" \/>\n<meta property=\"og:site_name\" content=\"Bar George\" \/>\n<meta property=\"article:publisher\" content=\"https:\/\/www.facebook.com\/bargeorgemtl\/\" \/>\n<meta property=\"article:modified_time\" content=\"2026-02-05T17:32:05+00:00\" \/>\n<meta name=\"twitter:card\" content=\"summary_large_image\" \/>\n<meta name=\"twitter:label1\" content=\"Est. reading time\" \/>\n\t<meta name=\"twitter:data1\" content=\"1 minute\" \/>\n<script type=\"application\/ld+json\" class=\"yoast-schema-graph\">{\"@context\":\"https:\/\/schema.org\",\"@graph\":[{\"@type\":\"WebPage\",\"@id\":\"https:\/\/www.bargeorge.ca\/fr\/actualites\/\",\"url\":\"https:\/\/www.bargeorge.ca\/fr\/actualites\/\",\"name\":\"\u00c9v\u00e9nements et promotions en cours - Montr\u00e9al | Bar George\",\"isPartOf\":{\"@id\":\"https:\/\/www.bargeorge.ca\/#website\"},\"datePublished\":\"2017-04-21T16:16:13+00:00\",\"dateModified\":\"2026-02-05T17:32:05+00:00\",\"description\":\"D\u00e9couvrez les \u00e9v\u00e9nements et les promotions en cours chez Bar George. Inscrivez-vous \u00e0 notre bulletin \u00e9lectronique pour toujours \u00eatre inform\u00e9.\",\"breadcrumb\":{\"@id\":\"https:\/\/www.bargeorge.ca\/fr\/actualites\/#breadcrumb\"},\"inLanguage\":\"fr-FR\",\"potentialAction\":[{\"@type\":\"ReadAction\",\"target\":[\"https:\/\/www.bargeorge.ca\/fr\/actualites\/\"]}]},{\"@type\":\"BreadcrumbList\",\"@id\":\"https:\/\/www.bargeorge.ca\/fr\/actualites\/#breadcrumb\",\"itemListElement\":[{\"@type\":\"ListItem\",\"position\":1,\"name\":\"Home\",\"item\":\"https:\/\/www.bargeorge.ca\/fr\/\"},{\"@type\":\"ListItem\",\"position\":2,\"name\":\"Actualit\u00e9s\"}]},{\"@type\":\"WebSite\",\"@id\":\"https:\/\/www.bargeorge.ca\/#website\",\"url\":\"https:\/\/www.bargeorge.ca\/\",\"name\":\"Bar George\",\"description\":\"\",\"potentialAction\":[{\"@type\":\"SearchAction\",\"target\":{\"@type\":\"EntryPoint\",\"urlTemplate\":\"https:\/\/www.bargeorge.ca\/?s={search_term_string}\"},\"query-input\":{\"@type\":\"PropertyValueSpecification\",\"valueRequired\":true,\"valueName\":\"search_term_string\"}}],\"inLanguage\":\"fr-FR\"}]}<\/script>\n<!-- \/ Yoast SEO plugin. -->","yoast_head_json":{"title":"\u00c9v\u00e9nements et promotions en cours - Montr\u00e9al | Bar George","description":"D\u00e9couvrez les \u00e9v\u00e9nements et les promotions en cours chez Bar George. Inscrivez-vous \u00e0 notre bulletin \u00e9lectronique pour toujours \u00eatre inform\u00e9.","robots":{"index":"index","follow":"follow","max-snippet":"max-snippet:-1","max-image-preview":"max-image-preview:large","max-video-preview":"max-video-preview:-1"},"canonical":"https:\/\/www.bargeorge.ca\/fr\/actualites\/","og_locale":"fr_FR","og_type":"article","og_title":"\u00c9v\u00e9nements et promotions en cours - Montr\u00e9al | Bar George","og_description":"D\u00e9couvrez les \u00e9v\u00e9nements et les promotions en cours chez Bar George. Inscrivez-vous \u00e0 notre bulletin \u00e9lectronique pour toujours \u00eatre inform\u00e9.","og_url":"https:\/\/www.bargeorge.ca\/fr\/actualites\/","og_site_name":"Bar George","article_publisher":"https:\/\/www.facebook.com\/bargeorgemtl\/","article_modified_time":"2026-02-05T17:32:05+00:00","twitter_card":"summary_large_image","twitter_misc":{"Est. reading time":"1 minute"},"schema":{"@context":"https:\/\/schema.org","@graph":[{"@type":"WebPage","@id":"https:\/\/www.bargeorge.ca\/fr\/actualites\/","url":"https:\/\/www.bargeorge.ca\/fr\/actualites\/","name":"\u00c9v\u00e9nements et promotions en cours - Montr\u00e9al | Bar George","isPartOf":{"@id":"https:\/\/www.bargeorge.ca\/#website"},"datePublished":"2017-04-21T16:16:13+00:00","dateModified":"2026-02-05T17:32:05+00:00","description":"D\u00e9couvrez les \u00e9v\u00e9nements et les promotions en cours chez Bar George. Inscrivez-vous \u00e0 notre bulletin \u00e9lectronique pour toujours \u00eatre inform\u00e9.","breadcrumb":{"@id":"https:\/\/www.bargeorge.ca\/fr\/actualites\/#breadcrumb"},"inLanguage":"fr-FR","potentialAction":[{"@type":"ReadAction","target":["https:\/\/www.bargeorge.ca\/fr\/actualites\/"]}]},{"@type":"BreadcrumbList","@id":"https:\/\/www.bargeorge.ca\/fr\/actualites\/#breadcrumb","itemListElement":[{"@type":"ListItem","position":1,"name":"Home","item":"https:\/\/www.bargeorge.ca\/fr\/"},{"@type":"ListItem","position":2,"name":"Actualit\u00e9s"}]},{"@type":"WebSite","@id":"https:\/\/www.bargeorge.ca\/#website","url":"https:\/\/www.bargeorge.ca\/","name":"Bar George","description":"","potentialAction":[{"@type":"SearchAction","target":{"@type":"EntryPoint","urlTemplate":"https:\/\/www.bargeorge.ca\/?s={search_term_string}"},"query-input":{"@type":"PropertyValueSpecification","valueRequired":true,"valueName":"search_term_string"}}],"inLanguage":"fr-FR"}]}},"publishpress_future_action":{"enabled":false,"date":"2026-04-27 08:51:17","action":"change-status","newStatus":"draft","terms":[],"taxonomy":"translation_priority"},"publishpress_future_workflow_manual_trigger":{"enabledWorkflows":[]},"_links":{"self":[{"href":"https:\/\/www.bargeorge.ca\/fr\/wp-json\/wp\/v2\/pages\/922","targetHints":{"allow":["GET"]}}],"collection":[{"href":"https:\/\/www.bargeorge.ca\/fr\/wp-json\/wp\/v2\/pages"}],"about":[{"href":"https:\/\/www.bargeorge.ca\/fr\/wp-json\/wp\/v2\/types\/page"}],"author":[{"embeddable":true,"href":"https:\/\/www.bargeorge.ca\/fr\/wp-json\/wp\/v2\/users\/1"}],"replies":[{"embeddable":true,"href":"https:\/\/www.bargeorge.ca\/fr\/wp-json\/wp\/v2\/comments?post=922"}],"version-history":[{"count":11,"href":"https:\/\/www.bargeorge.ca\/fr\/wp-json\/wp\/v2\/pages\/922\/revisions"}],"predecessor-version":[{"id":6481,"href":"https:\/\/www.bargeorge.ca\/fr\/wp-json\/wp\/v2\/pages\/922\/revisions\/6481"}],"wp:attachment":[{"href":"https:\/\/www.bargeorge.ca\/fr\/wp-json\/wp\/v2\/media?parent=922"}],"curies":[{"name":"wp","href":"https:\/\/api.w.org\/{rel}","templated":true}]}}