{"id":682,"date":"2017-04-18T16:48:20","date_gmt":"2017-04-18T16:48:20","guid":{"rendered":"https:\/\/www.bargeorge.ca\/fr\/home\/"},"modified":"2026-02-11T13:32:49","modified_gmt":"2026-02-11T18:32:49","slug":"home","status":"publish","type":"page","link":"https:\/\/www.bargeorge.ca\/fr\/","title":{"rendered":"Home"},"content":{"rendered":"<div  class=\"fsn-row full-width-container fsn-69ddfb2469e1a color-scheme-1 light seamless\" style=\"background-repeat:repeat;background-position:left top;background-attachment:scroll;background-size:auto;\"><div class=\"row\"><div class=\"col-sm-12\"><div class=\"fsn-column-inner fsn-69ddfb2469ead light\"><div class=\"fsn-masthead fsn-69ddfb2469efc color-scheme-1\"><section class=\"masthead-container masthead-full\" data-height=\"full\"><div class=\"masthead-item video\"><div class=\"masthead-item-media\"><video id=\"videoContainer_69ddfb246a4fb\" class=\"masthead-item-video\" data-video-json=\"{&quot;mobile_src&quot;:&quot;https:\\\/\\\/cdn.oliverbonacininetwork.com\\\/uploads\\\/sites\\\/38\\\/2026\\\/02\\\/bar-george-masthead-video-mobile-crop.mp4&quot;,&quot;mobile_width&quot;:720,&quot;mobile_height&quot;:720,&quot;mobile_poster_src&quot;:&quot;https:\\\/\\\/cdn.oliverbonacininetwork.com\\\/uploads\\\/sites\\\/38\\\/2026\\\/02\\\/bar-george-masthead-video-mobile-crop-cover.jpg&quot;,&quot;desktop_src&quot;:&quot;https:\\\/\\\/cdn.oliverbonacininetwork.com\\\/uploads\\\/sites\\\/38\\\/2025\\\/12\\\/bar-george-masthead-video-desktop.mp4&quot;,&quot;desktop_width&quot;:720,&quot;desktop_height&quot;:720,&quot;desktop_poster_src&quot;:&quot;https:\\\/\\\/cdn.oliverbonacininetwork.com\\\/uploads\\\/sites\\\/38\\\/2025\\\/12\\\/bar-george-masthead-video-desktop-cover.jpg&quot;}\" autoplay muted loop playsinline><source id=\"videoMp4Source_69ddfb246a4fb\" type=\"video\/mp4\" \/><\/video><button class=\"masthead-item-video-pause\"><span class=\"sr-only\">Pause Video<\/span><\/button><\/div><\/div><\/section><\/div><\/div><\/div><\/div><\/div><div id=\"introduction\"  class=\"fsn-row full-width-container fsn-69ddfb246a5a9 bg-illustration-facade color-scheme-1 light\" style=\"background-repeat:repeat;background-position:left top;background-attachment:scroll;background-size:auto;\"><div class=\"row\"><div class=\"col-sm-10 col-sm-offset-1\"><div class=\"fsn-column-inner fsn-69ddfb246a622 light\"><div class=\"fsn-text fsn-69ddfb246a65b\">\n<h1>L\u00e0 o\u00f9 l\u2019histoire et l\u2019\u00e9l\u00e9gance se rencontrent<\/h1>\n<\/div><\/div><\/div><\/div><\/div><div  class=\"fsn-row full-width-container fsn-69ddfb246a696 row-reverse-xs color-scheme-1 light seamless\" style=\"background-repeat:repeat;background-position:left top;background-attachment:scroll;background-size:auto;\"><div class=\"row\"><div class=\"col-sm-6\"><div class=\"fsn-column-inner fsn-69ddfb246a6e5 color-scheme-1 light\"><div  class=\"fsn-row full-width-container fsn-69ddfb246a724 color-scheme-1 light seamless\" style=\"background-repeat:repeat;background-position:left top;background-attachment:scroll;background-size:auto;\"><div class=\"row\"><div class=\"col-sm-10 col-sm-offset-2\"><div class=\"fsn-column-inner fsn-69ddfb246a75c color-scheme-1 light\"><div class=\"fsn-image fsn-69ddfb246a8fe img-octagon align-none\"><img decoding=\"async\" src=\"https:\/\/cdn.oliverbonacininetwork.com\/uploads\/sites\/38\/2026\/01\/bar-george-montreal-restaurant-burrata-1000x1000.jpg\" width=\"1000\" height=\"1000\" alt=\"Burrata cheese on a dark plate with yellow and green sauces, topped with crispy herbs and breadcrumbs\" class=\"img-responsive img-default\" loading=\"lazy\"><\/div><\/div><\/div><\/div><\/div><div  class=\"fsn-row full-width-container fsn-69ddfb246a960 color-scheme-1 light seamless\" style=\"background-repeat:repeat;background-position:left top;background-attachment:scroll;background-size:auto;\"><div class=\"row\"><div class=\"col-sm-9 col-sm-offset-2\"><div class=\"fsn-column-inner fsn-69ddfb246a99f color-scheme-1 light\"><div class=\"fsn-image fsn-69ddfb246ab21 align-none\"><img decoding=\"async\" src=\"https:\/\/cdn.oliverbonacininetwork.com\/uploads\/sites\/38\/2026\/01\/bar-george-montreal-restaurant-seared-grouper-1000x1000.jpg\" width=\"1000\" height=\"1000\" alt=\"seared grouper on a white sauce\" class=\"img-responsive img-default\" loading=\"lazy\"><\/div><\/div><\/div><\/div><\/div><div  class=\"fsn-row full-width-container fsn-69ddfb246ab70 color-scheme-1 light seamless\" style=\"background-repeat:repeat;background-position:left top;background-attachment:scroll;background-size:auto;\"><div class=\"row\"><div class=\"col-sm-6 col-sm-offset-5\"><div class=\"fsn-column-inner fsn-69ddfb246abb7 color-scheme-1 light\"><div class=\"fsn-image fsn-69ddfb246ad04 align-none\"><img decoding=\"async\" src=\"https:\/\/cdn.oliverbonacininetwork.com\/uploads\/sites\/38\/2026\/02\/Home-page-bartender-photo-1000x1260.jpg\" width=\"1000\" height=\"1260\" alt=\"bartender long pours a drink\" class=\"img-responsive img-default\" loading=\"lazy\"><\/div><\/div><\/div><\/div><\/div><\/div><\/div><div class=\"col-sm-6\"><div class=\"fsn-column-inner fsn-69ddfb246ad5c color-scheme-1 light\"><div  class=\"fsn-row full-width-container fsn-69ddfb246adae color-scheme-1 light seamless\" style=\"background-repeat:repeat;background-position:left top;background-attachment:scroll;background-size:auto;\"><div class=\"row\"><div class=\"col-sm-8 col-sm-offset-2\"><div class=\"fsn-column-inner fsn-69ddfb246adfc light\"><div class=\"fsn-text fsn-69ddfb246ae2d\">\n<p>Entrez dans un manoir de l\u2019\u00e8re victorienne d\u00e9bordant de vie et de possibilit\u00e9s. Qu\u2019il s\u2019agisse de prendre un d\u00e9jeuner sous le soleil ou un cocktail de fin de soir\u00e9e, chaque emplacement vibre de saveurs, d\u2019\u00e9nergie et d\u2019imagination. D\u00e9couvrez l\u2019histoire qui se cache derri\u00e8re nos murs et notre d\u00e9licieuse cuisine ainsi que l\u2019atmosph\u00e8re incontournable qui transforme chaque visite en un moment inoubliable.<\/p>\n<\/div><div class=\"fsn-button standard fsn-69ddfb246ae59\"><a href=\"https:\/\/www.bargeorge.ca\/fr\/a-propos-de-bar-george\/\" class=\"btn btn-default\">Notre Histoire<\/a><\/div><\/div><\/div><\/div><\/div><div  class=\"fsn-row full-width-container fsn-69ddfb246b506 color-scheme-1 light seamless\" style=\"background-repeat:repeat;background-position:left top;background-attachment:scroll;background-size:auto;\"><div class=\"row\"><div class=\"col-sm-10 col-sm-offset-2\"><div class=\"fsn-column-inner fsn-69ddfb246b554 color-scheme-1 light\"><div class=\"fsn-image fsn-69ddfb246b6eb align-none\"><img decoding=\"async\" src=\"https:\/\/cdn.oliverbonacininetwork.com\/uploads\/sites\/38\/2026\/01\/bar-george-montreal-restaurant-beef-wellington-1000x1000.jpg\" width=\"1000\" height=\"1000\" alt=\"Sliced beef Wellington with medium-rare beef in golden pastry, served with rich brown sauce, roasted vegetables, and fresh herbs\" class=\"img-responsive img-default\" loading=\"lazy\"><\/div><\/div><\/div><\/div><\/div><div  class=\"fsn-row full-width-container fsn-69ddfb246b766 color-scheme-1 light seamless\" style=\"background-repeat:repeat;background-position:left top;background-attachment:scroll;background-size:auto;\"><div class=\"row\"><div class=\"col-sm-10 col-sm-offset-1\"><div class=\"fsn-column-inner fsn-69ddfb246b7b2 color-scheme-1 light\"><div class=\"fsn-text fsn-69ddfb246b7e5\">\n<h2>Votre table vous attend<\/h2>\n<\/div><\/div><\/div><\/div><\/div><div  class=\"fsn-row full-width-container fsn-69ddfb246b818 color-scheme-1 light seamless\" style=\"background-repeat:repeat;background-position:left top;background-attachment:scroll;background-size:auto;\"><div class=\"row\"><div class=\"col-sm-8 col-sm-offset-3\"><div class=\"fsn-column-inner fsn-69ddfb246b865 color-scheme-1 light\"><div class=\"fsn-text fsn-69ddfb246b8ad\">\n<p>Lorsque tombe le cr\u00e9puscule, le Bar George s\u2019anime. Des plats compos\u00e9s avec un tr\u00e8s grand soin, des cocktails riches en saveurs, un service qui suit votre rythme : voil\u00e0 qui rehaussera votre exp\u00e9rience culinaire tout au long de la soir\u00e9e.<\/p>\n<\/div><div class=\"fsn-button standard fsn-69ddfb246b8e3\"><a href=\"#modal-component-6274\" class=\"btn btn-default\" data-toggle=\"modal\" role=\"button\">Trouver Une Table<\/a><\/div><\/div><\/div><\/div><\/div><\/div><\/div><\/div><\/div><div  class=\"fsn-row full-width-container fsn-69ddfb246b977 color-scheme-1 light seamless\" style=\"background-repeat:repeat;background-position:left top;background-attachment:scroll;background-size:auto;\"><div class=\"row\"><div class=\"col-sm-5 col-sm-offset-1\"><div class=\"fsn-column-inner fsn-69ddfb246b9e5 color-scheme-1 light\"><div class=\"fsn-text fsn-69ddfb246bb0a offset-left-sm-1\">\n<h2>Go\u00fbtez toute la splendeur du Bar George<\/h2>\n<\/div><div class=\"fsn-row full-width-row fsn-69ddfb246bb54 light\" style=\"background-repeat:repeat;background-position:left top;background-attachment:scroll;background-size:auto;\"><div class=\"container\"><div class=\"row\"><div class=\"col-sm-8\"><div class=\"fsn-column-inner fsn-69ddfb246bbb8 color-scheme-1 light\"><div class=\"fsn-text fsn-69ddfb246bbec\">\n<p>Inspir\u00e9e par les classiques du Royaume-Un, notre cuisine se r\u00e9invente avec une touche de modernit\u00e9. Conjuguant les fondements de la cuisine britannique et les ingr\u00e9dients saisonniers du Qu\u00e9bec, nos plats sont \u00e0 la fois intemporels et au go\u00fbt du jour, r\u00e9confortants et \u00e9l\u00e9gants. Consultez nos menus pour d\u00e9couvrir ce qui vous attend.<\/p>\n<\/div><div class=\"fsn-button standard fsn-69ddfb246bc14\"><a href=\"https:\/\/www.bargeorge.ca\/fr\/menus\/\" class=\"btn btn-default\">Voir Les Menus<\/a><\/div><\/div><\/div><\/div><\/div><\/div><\/div><\/div><div class=\"col-sm-5\"><div class=\"fsn-column-inner fsn-69ddfb246c164 color-scheme-1 light\"><div class=\"fsn-image fsn-69ddfb246c33a align-none\"><img decoding=\"async\" src=\"https:\/\/cdn.oliverbonacininetwork.com\/uploads\/sites\/38\/2026\/01\/bar-george-montreal-restaurant-cocktail-winter-negroni-1000x1260.jpg\" width=\"1000\" height=\"1260\" alt=\"a cocktail in a whisky glass with a merangue garnish\" class=\"img-responsive img-circle\" loading=\"lazy\"><\/div><\/div><\/div><\/div><\/div><div  class=\"fsn-row full-width-container fsn-69ddfb246c3af color-scheme-1 light seamless\" style=\"background-repeat:repeat;background-position:left top;background-attachment:scroll;background-size:auto;\"><div class=\"row\"><div class=\"col-sm-12\"><div class=\"fsn-column-inner fsn-69ddfb246c405 color-scheme-1 light\"><div id=\"component-5807\" class=\"component fsn-69ddfb246c4b9\"><div  class=\"fsn-row full-width-container fsn-69ddfb246c7a5 newsletter-card color-scheme-2 light seamless\" style=\"background-repeat:repeat;background-position:left top;background-attachment:scroll;background-size:auto;\"><div class=\"row\"><div class=\"col-sm-7\"><div class=\"fsn-column-inner fsn-69ddfb246c859 color-scheme-1 light\"><div class=\"fsn-image fsn-69ddfb246ca5b align-none\"><picture><source media=\"(max-width: 767px)\" srcset=\"https:\/\/cdn.oliverbonacininetwork.com\/uploads\/sites\/38\/2026\/02\/Footer-Photo-800x534.jpg\"><source media=\"(min-width: 768px)\" srcset=\"https:\/\/cdn.oliverbonacininetwork.com\/uploads\/sites\/38\/2026\/02\/Footer-Photo.jpg\"><img decoding=\"async\" src=\"https:\/\/cdn.oliverbonacininetwork.com\/uploads\/sites\/38\/2026\/02\/Footer-Photo.jpg\" width=\"2000\" height=\"1335\" alt=\"bar george exterior night time\" loading=\"lazy\" class=\"img-responsive img-default\"><\/picture><\/div><\/div><\/div><div class=\"col-sm-5\"><div class=\"fsn-column-inner fsn-69ddfb246caab bg-pattern-zebra color-scheme-1 light\"><div class=\"fsn-row full-width-row fsn-69ddfb246cb6d light\" style=\"background-repeat:repeat;background-position:left top;background-attachment:scroll;background-size:auto;\"><div class=\"container\"><div class=\"row\"><div class=\"col-sm-10 col-sm-offset-1\"><div class=\"fsn-column-inner fsn-69ddfb246cbc0 light\"><div class=\"fsn-text fsn-69ddfb246cbf9\">\n<h2>Be the first to know.<\/h2>\n<p>News, menus, and special highlights from Bar George, delivered straight to your inbox.<\/p>\n<\/div><div class=\"fsn-ob-mailchimp_signup fsn-69ddfb246cc32\"><div id=\"mc_embed_signup\"><form action=\"https:\/\/www.bargeorge.ca\/mailchimp\/subscribe.php?interest=be75983505\" method=\"post\" id=\"mc-embedded-subscribe-form\" name=\"mc-embedded-subscribe-form\" class=\"validate\" target=\"_blank\" validate><div id=\"mc_embed_signup_scroll\"><div class=\"mc-field-group\"><label class=\"sr-only\" id=\"mailchimpSignup-69ddfb246cc31\">Email address<\/label><input type=\"email\" value=\"\" name=\"EMAIL\" class=\"required email form-control\" id=\"mce-EMAIL\" aria-labelledby=\"mailchimpSignup-69ddfb246cc31\" placeholder=\"Email address\" required><\/div><div id=\"mce-responses\" class=\"clear\"><div class=\"response\" id=\"mce-error-response\" style=\"display:none\"><\/div><div class=\"response\" id=\"mce-success-response\" style=\"display:none\"><\/div><\/div>    <!-- real people should not fill this in and expect good things - do not remove this or risk form bot signups--><div style=\"position: absolute; left: -5000px;\"><label>Bot Signup Protection Field, do not fill out.<input type=\"text\" name=\"b_461d7ca69b_a73b37e670\" tabindex=\"-1\" value=\"\"><\/label><\/div><div class=\"clear\"><input type=\"submit\" value=\"Stay in Touch\" name=\"subscribe\" id=\"mc-embedded-subscribe\" class=\"button btn btn-default submit-btn\"><\/div><\/div><\/form><\/div><\/div><\/div><\/div><\/div><\/div><\/div><\/div><\/div><\/div><\/div>\n<\/div><\/div><\/div><\/div><\/div>\n","protected":false},"excerpt":{"rendered":"","protected":false},"author":1,"featured_media":6079,"parent":0,"menu_order":0,"comment_status":"closed","ping_status":"closed","template":"","meta":{"_promoted_post":"","footnotes":""},"class_list":["post-682","page","type-page","status-publish","has-post-thumbnail","hentry"],"yoast_head":"<!-- This site is optimized with the Yoast SEO plugin v25.2 - https:\/\/yoast.com\/wordpress\/plugins\/seo\/ -->\n<title>Restaurant anglais moderne - Montr\u00e9al | Bar George<\/title>\n<meta name=\"description\" content=\"Bar George est un restaurant-bar du centre-ville de Montr\u00e9al o\u00f9 l\u2019on sert des plats d\u2019inspiration \u00e9cossaise et britannique avec une touche bien qu\u00e9b\u00e9coise.\" \/>\n<meta name=\"robots\" content=\"index, follow, max-snippet:-1, max-image-preview:large, max-video-preview:-1\" \/>\n<link rel=\"canonical\" href=\"https:\/\/www.bargeorge.ca\/fr\/\" \/>\n<meta property=\"og:locale\" content=\"fr_FR\" \/>\n<meta property=\"og:type\" content=\"article\" \/>\n<meta property=\"og:title\" content=\"Restaurant anglais moderne - Montr\u00e9al | Bar George\" \/>\n<meta property=\"og:description\" content=\"Bar George est un restaurant-bar du centre-ville de Montr\u00e9al o\u00f9 l\u2019on sert des plats d\u2019inspiration \u00e9cossaise et britannique avec une touche bien qu\u00e9b\u00e9coise.\" \/>\n<meta property=\"og:url\" content=\"https:\/\/www.bargeorge.ca\/fr\/\" \/>\n<meta property=\"og:site_name\" content=\"Bar George\" \/>\n<meta property=\"article:publisher\" content=\"https:\/\/www.facebook.com\/bargeorgemtl\/\" \/>\n<meta property=\"article:modified_time\" content=\"2026-02-11T18:32:49+00:00\" \/>\n<meta property=\"og:image\" content=\"https:\/\/cdn.oliverbonacininetwork.com\/uploads\/sites\/38\/2026\/01\/bar-george-montreal-restaurant-dining-room-03.jpg\" \/>\n\t<meta property=\"og:image:width\" content=\"2000\" \/>\n\t<meta property=\"og:image:height\" content=\"1335\" \/>\n\t<meta property=\"og:image:type\" content=\"image\/jpeg\" \/>\n<meta name=\"twitter:card\" content=\"summary_large_image\" \/>\n<meta name=\"twitter:label1\" content=\"Est. reading time\" \/>\n\t<meta name=\"twitter:data1\" content=\"3 minutes\" \/>\n<script type=\"application\/ld+json\" class=\"yoast-schema-graph\">{\"@context\":\"https:\/\/schema.org\",\"@graph\":[{\"@type\":\"WebPage\",\"@id\":\"https:\/\/www.bargeorge.ca\/fr\/\",\"url\":\"https:\/\/www.bargeorge.ca\/fr\/\",\"name\":\"Restaurant anglais moderne - Montr\u00e9al | Bar George\",\"isPartOf\":{\"@id\":\"https:\/\/www.bargeorge.ca\/#website\"},\"primaryImageOfPage\":{\"@id\":\"https:\/\/www.bargeorge.ca\/fr\/#primaryimage\"},\"image\":{\"@id\":\"https:\/\/www.bargeorge.ca\/fr\/#primaryimage\"},\"thumbnailUrl\":\"https:\/\/cdn.oliverbonacininetwork.com\/uploads\/sites\/38\/2026\/01\/bar-george-montreal-restaurant-dining-room-03.jpg\",\"datePublished\":\"2017-04-18T16:48:20+00:00\",\"dateModified\":\"2026-02-11T18:32:49+00:00\",\"description\":\"Bar George est un restaurant-bar du centre-ville de Montr\u00e9al o\u00f9 l\u2019on sert des plats d\u2019inspiration \u00e9cossaise et britannique avec une touche bien qu\u00e9b\u00e9coise.\",\"breadcrumb\":{\"@id\":\"https:\/\/www.bargeorge.ca\/fr\/#breadcrumb\"},\"inLanguage\":\"fr-FR\",\"potentialAction\":[{\"@type\":\"ReadAction\",\"target\":[\"https:\/\/www.bargeorge.ca\/fr\/\"]}]},{\"@type\":\"ImageObject\",\"inLanguage\":\"fr-FR\",\"@id\":\"https:\/\/www.bargeorge.ca\/fr\/#primaryimage\",\"url\":\"https:\/\/cdn.oliverbonacininetwork.com\/uploads\/sites\/38\/2026\/01\/bar-george-montreal-restaurant-dining-room-03.jpg\",\"contentUrl\":\"https:\/\/cdn.oliverbonacininetwork.com\/uploads\/sites\/38\/2026\/01\/bar-george-montreal-restaurant-dining-room-03.jpg\",\"width\":2000,\"height\":1335,\"caption\":\"a group of people sitting at a table in a restaurant\"},{\"@type\":\"BreadcrumbList\",\"@id\":\"https:\/\/www.bargeorge.ca\/fr\/#breadcrumb\",\"itemListElement\":[{\"@type\":\"ListItem\",\"position\":1,\"name\":\"Home\",\"item\":\"https:\/\/www.bargeorge.ca\/fr\/\"},{\"@type\":\"ListItem\",\"position\":2,\"name\":\"Home\"}]},{\"@type\":\"WebSite\",\"@id\":\"https:\/\/www.bargeorge.ca\/#website\",\"url\":\"https:\/\/www.bargeorge.ca\/\",\"name\":\"Bar George\",\"description\":\"\",\"potentialAction\":[{\"@type\":\"SearchAction\",\"target\":{\"@type\":\"EntryPoint\",\"urlTemplate\":\"https:\/\/www.bargeorge.ca\/?s={search_term_string}\"},\"query-input\":{\"@type\":\"PropertyValueSpecification\",\"valueRequired\":true,\"valueName\":\"search_term_string\"}}],\"inLanguage\":\"fr-FR\"}]}<\/script>\n<!-- \/ Yoast SEO plugin. -->","yoast_head_json":{"title":"Restaurant anglais moderne - Montr\u00e9al | Bar George","description":"Bar George est un restaurant-bar du centre-ville de Montr\u00e9al o\u00f9 l\u2019on sert des plats d\u2019inspiration \u00e9cossaise et britannique avec une touche bien qu\u00e9b\u00e9coise.","robots":{"index":"index","follow":"follow","max-snippet":"max-snippet:-1","max-image-preview":"max-image-preview:large","max-video-preview":"max-video-preview:-1"},"canonical":"https:\/\/www.bargeorge.ca\/fr\/","og_locale":"fr_FR","og_type":"article","og_title":"Restaurant anglais moderne - Montr\u00e9al | Bar George","og_description":"Bar George est un restaurant-bar du centre-ville de Montr\u00e9al o\u00f9 l\u2019on sert des plats d\u2019inspiration \u00e9cossaise et britannique avec une touche bien qu\u00e9b\u00e9coise.","og_url":"https:\/\/www.bargeorge.ca\/fr\/","og_site_name":"Bar George","article_publisher":"https:\/\/www.facebook.com\/bargeorgemtl\/","article_modified_time":"2026-02-11T18:32:49+00:00","og_image":[{"width":2000,"height":1335,"url":"https:\/\/cdn.oliverbonacininetwork.com\/uploads\/sites\/38\/2026\/01\/bar-george-montreal-restaurant-dining-room-03.jpg","type":"image\/jpeg"}],"twitter_card":"summary_large_image","twitter_misc":{"Est. reading time":"3 minutes"},"schema":{"@context":"https:\/\/schema.org","@graph":[{"@type":"WebPage","@id":"https:\/\/www.bargeorge.ca\/fr\/","url":"https:\/\/www.bargeorge.ca\/fr\/","name":"Restaurant anglais moderne - Montr\u00e9al | Bar George","isPartOf":{"@id":"https:\/\/www.bargeorge.ca\/#website"},"primaryImageOfPage":{"@id":"https:\/\/www.bargeorge.ca\/fr\/#primaryimage"},"image":{"@id":"https:\/\/www.bargeorge.ca\/fr\/#primaryimage"},"thumbnailUrl":"https:\/\/cdn.oliverbonacininetwork.com\/uploads\/sites\/38\/2026\/01\/bar-george-montreal-restaurant-dining-room-03.jpg","datePublished":"2017-04-18T16:48:20+00:00","dateModified":"2026-02-11T18:32:49+00:00","description":"Bar George est un restaurant-bar du centre-ville de Montr\u00e9al o\u00f9 l\u2019on sert des plats d\u2019inspiration \u00e9cossaise et britannique avec une touche bien qu\u00e9b\u00e9coise.","breadcrumb":{"@id":"https:\/\/www.bargeorge.ca\/fr\/#breadcrumb"},"inLanguage":"fr-FR","potentialAction":[{"@type":"ReadAction","target":["https:\/\/www.bargeorge.ca\/fr\/"]}]},{"@type":"ImageObject","inLanguage":"fr-FR","@id":"https:\/\/www.bargeorge.ca\/fr\/#primaryimage","url":"https:\/\/cdn.oliverbonacininetwork.com\/uploads\/sites\/38\/2026\/01\/bar-george-montreal-restaurant-dining-room-03.jpg","contentUrl":"https:\/\/cdn.oliverbonacininetwork.com\/uploads\/sites\/38\/2026\/01\/bar-george-montreal-restaurant-dining-room-03.jpg","width":2000,"height":1335,"caption":"a group of people sitting at a table in a restaurant"},{"@type":"BreadcrumbList","@id":"https:\/\/www.bargeorge.ca\/fr\/#breadcrumb","itemListElement":[{"@type":"ListItem","position":1,"name":"Home","item":"https:\/\/www.bargeorge.ca\/fr\/"},{"@type":"ListItem","position":2,"name":"Home"}]},{"@type":"WebSite","@id":"https:\/\/www.bargeorge.ca\/#website","url":"https:\/\/www.bargeorge.ca\/","name":"Bar George","description":"","potentialAction":[{"@type":"SearchAction","target":{"@type":"EntryPoint","urlTemplate":"https:\/\/www.bargeorge.ca\/?s={search_term_string}"},"query-input":{"@type":"PropertyValueSpecification","valueRequired":true,"valueName":"search_term_string"}}],"inLanguage":"fr-FR"}]}},"publishpress_future_action":{"enabled":false,"date":"2026-04-21 04:30:28","action":"change-status","newStatus":"draft","terms":[],"taxonomy":"translation_priority"},"publishpress_future_workflow_manual_trigger":{"enabledWorkflows":[]},"_links":{"self":[{"href":"https:\/\/www.bargeorge.ca\/fr\/wp-json\/wp\/v2\/pages\/682","targetHints":{"allow":["GET"]}}],"collection":[{"href":"https:\/\/www.bargeorge.ca\/fr\/wp-json\/wp\/v2\/pages"}],"about":[{"href":"https:\/\/www.bargeorge.ca\/fr\/wp-json\/wp\/v2\/types\/page"}],"author":[{"embeddable":true,"href":"https:\/\/www.bargeorge.ca\/fr\/wp-json\/wp\/v2\/users\/1"}],"replies":[{"embeddable":true,"href":"https:\/\/www.bargeorge.ca\/fr\/wp-json\/wp\/v2\/comments?post=682"}],"version-history":[{"count":98,"href":"https:\/\/www.bargeorge.ca\/fr\/wp-json\/wp\/v2\/pages\/682\/revisions"}],"predecessor-version":[{"id":6739,"href":"https:\/\/www.bargeorge.ca\/fr\/wp-json\/wp\/v2\/pages\/682\/revisions\/6739"}],"wp:featuredmedia":[{"embeddable":true,"href":"https:\/\/www.bargeorge.ca\/fr\/wp-json\/wp\/v2\/media\/6079"}],"wp:attachment":[{"href":"https:\/\/www.bargeorge.ca\/fr\/wp-json\/wp\/v2\/media?parent=682"}],"curies":[{"name":"wp","href":"https:\/\/api.w.org\/{rel}","templated":true}]}}